{"id":2,"date":"2025-12-28T08:17:07","date_gmt":"2025-12-28T08:17:07","guid":{"rendered":"http:\/\/keento.io\/?page_id=2"},"modified":"2026-02-07T06:15:56","modified_gmt":"2026-02-07T06:15:56","slug":"sample-page","status":"publish","type":"page","link":"https:\/\/www.keento.io\/","title":{"rendered":"Sample Page"},"content":{"rendered":"\n\t<section class=\"section p9 p9-hero\" id=\"section_1109312483\">\n\t\t<div class=\"section-bg fill\" >\n\t\t\t\t\t\t\t\t\t\n\t\t\t\n\n\t\t<\/div>\n\n\t\t\n\n\t\t<div class=\"section-content relative\">\n\t\t\t\n  <div class=\"row row-collapse align-middle p9-hero__row\"  id=\"row-1468688149\">\n    \n\t<div id=\"col-1181736089\" class=\"col p9-hero__left medium-6 small-12 large-6\"  >\n\t\t\t\t<div class=\"col-inner\"  >\n\t\t\t\n\t\t\t\n      \t<div id=\"text-1172622841\" class=\"text p9-badge\">\n\t\t\n        \ud83d\udd25 9BET DAY \u2022 \u01afu \u0111\u00e3i m\u1ed7i ng\u00e0y<br \/>\n      \t\t\t<\/div>\n\t\n      <div class=\"container section-title-container p9-title\" ><h1 class=\"section-title section-title-normal\"><b><\/b><span class=\"section-title-main\" >Lorem ipsum dolor sit amet...<\/span><b><\/b><\/h1><\/div>\n      \t<div id=\"text-3126338973\" class=\"text p9-subtitle\">\n\t\t\n        N\u1ea1p nhanh \u2022 R\u00fat g\u1ecdn \u2022 H\u1ed7 tr\u1ee3 24\/7. Tr\u1ea3i nghi\u1ec7m m\u01b0\u1ee3t m\u00e0 tr\u00ean m\u1ecdi thi\u1ebft b\u1ecb v\u1edbi giao di\u1ec7n s\u00e1ng, d\u1ec5 nh\u00ecn.<br \/>\n      \t\t\t<\/div>\n\t\n<div class=\"row row-collapse p9-hero__cta\"  id=\"row-1829923985\"><\/div>\n        \n\t<div id=\"col-2046842855\" class=\"col medium-12 large-12\"  >\n\t\t\t\t<div class=\"col-inner\"  >\n\t\t\t\n\t\t\t\t\t<\/div>\n\t\t\t\t\t<\/div>\n\n\t\n          <a href=\"#p9-cta\" class=\"button primary is-solid is-large p9-btn p9-btn--primary\"  >\n\t\t<span>Tham gia ngay<\/span>\n\t<\/a>\n\n          <a href=\"#p9-deals\" class=\"button primary is-outline is-large p9-btn p9-btn--ghost\"  >\n\t\t<span>Xem \u01b0u \u0111\u00e3i<\/span>\n\t<\/a>\n\n        \t\t<\/div>\n\t\t\t\t\t<\/div>\n\n\t\n      <\/div>\n<p>      <div class=\"row row-collapse p9-kpis\"  id=\"row-336391398\">\n        \n\t<div id=\"col-1241551889\" class=\"col medium-4 large-4\"  >\n\t\t\t\t<div class=\"col-inner\"  >\n\t\t\t\n\t\t\t\t<div id=\"text-3920478089\" class=\"text &#8221;p9-kpi&#8221;&gt;&lt;strong&gt;1\u20133\u2019&lt;\/strong&gt;&lt;span&gt;R\u00fat\">\n\t\t\t\t\t<\/div>\n\t\t\t<\/div>\n\t\t\t\t\t<\/div>\n\n\t\n        \n\t<div id=\"col-639011685\" class=\"col medium-4 large-4\"  >\n\t\t\t\t<div class=\"col-inner\"  >\n\t\t\t\n\t\t\t\t<div id=\"text-3191258677\" class=\"text &#8221;p9-kpi&#8221;&gt;&lt;strong&gt;24\/7&lt;\/strong&gt;&lt;span&gt;H\u1ed7\">\n\t\t\t\t\t<\/div>\n\t\t\t<\/div>\n\t\t\t\t\t<\/div>\n\n\t\n        \n\t<div id=\"col-1287346811\" class=\"col medium-4 large-4\"  >\n\t\t\t\t<div class=\"col-inner\"  >\n\t\t\t\n\t\t\t\t<div id=\"text-656877482\" class=\"text &#8221;p9-kpi&#8221;&gt;&lt;strong&gt;0\u0111&lt;\/strong&gt;&lt;span&gt;Ph\u00ed\">\n\t\t\t\t\t<\/div>\n\t\t\t<\/div>\n\t\t\t\t\t<\/div>\n\n\t\n      <\/div>\n    [\/col]\n<p>    \n\t<div id=\"col-824855069\" class=\"col p9-hero__right medium-6 small-12 large-6\"  >\n\t\t\t\t<div class=\"col-inner\"  >\n\t\t\t\n\t\t\t\n      \n  <div class=\"banner has-hover p9-heroCard\" id=\"banner-1448541877\">\n          <div class=\"banner-inner fill\">\n        <div class=\"banner-bg fill\" >\n            <img decoding=\"async\" src=\"http:\/\/rgba(255,255,255,1)\" class=\"bg\" alt=\"\" \/>                                    \n                    <\/div>\n\t\t\n        <div class=\"banner-layers container\">\n            <div class=\"fill banner-link\"><\/div>               <div id=\"text-box-1585459614\" class=\"text-box banner-layer x50 md-x50 lg-x50 y50 md-y50 lg-y50 res-text\">\n                     <div data-animate=\"fadeIn\">           <div class=\"text-box-content text dark\">\n              \n              <div class=\"text-inner text-center\">\n                                <\/div>\n           <\/div>\n       <\/div>                     \n<style>\n#text-box-1585459614 {\n  width: 60%;\n}\n#text-box-1585459614 .text-box-content {\n  font-size: 100%;\n}\n@media (min-width:550px) {\n  #text-box-1585459614 {\n    width: 60%;\n  }\n}\n<\/style>\n    <\/div>\n         <\/div>\n      <\/div>\n\n            \n<style>\n#banner-1448541877 {\n  padding-top: 520px;\n}\n<\/style>\n  <\/div>\n\n\n        \t<div id=\"text-2290830936\" class=\"text p9-heroCard__title\">\n\t\tH\u00f4m nay c\u00f3 g\u00ec hot?\t\t\t<\/div>\n\t\n<p>        <div class=\"row row-collapse p9-grid\"  id=\"row-1156037696\"><\/div>\n          \n\t<div id=\"col-1882048806\" class=\"col medium-6 large-6\"  >\n\t\t\t\t<div class=\"col-inner\"  >\n\t\t\t\n\t\t\t\t\t<\/div>\n\t\t\t\t\t<\/div>\n\n\t\n            [box class=&#8221;p9-card p9-card&#8211;deal&#8221;]\n              \t<div id=\"text-3517412913\" class=\"text p9-card__tag\">\n\t\tHOT\t\t\t<\/div>\n\t\n              \t<div id=\"text-76041245\" class=\"text p9-card__title\">\n\t\tHo\u00e0n tr\u1ea3 ng\u1eabu nhi\u00ean\t\t\t<\/div>\n\t\n              \t<div id=\"text-4037536990\" class=\"text p9-card__desc\">\n\t\t\t\t\t<\/div>\n\tT\u1ef1 \u0111\u1ed9ng c\u1ed9ng l\u1ea1i theo phi\u00ean.<\/ux_text&#093;\n              &#091;button text=\"L\u1ea5y m\u00e3\" size=\"small\" class=\"p9-btn p9-btn--tiny\" link=\"#\"&#093;\n            &#091;\/box&#093;\n          &#091;\/col&#093;\n          &#091;col span=\"6\"&#093;\n            &#091;box class=\"p9-card p9-card--deal\"&#093;\n              &#091;ux_text class=\"p9-card__tag\"&#093;NEW&#091;\/ux_text&#093;\n              &#091;ux_text class=\"p9-card__title\"&#093;V\u00f2ng quay may m\u1eafn&#091;\/ux_text&#093;\n              &#091;ux_text class=\"p9-card__desc\"&#093;M\u1ed7i ng\u00e0y 1 l\u01b0\u1ee3t mi\u1ec5n ph\u00ed.<\/ux_text&#093;\n              &#091;button text=\"Quay ngay\" size=\"small\" class=\"p9-btn p9-btn--tiny\" link=\"#\"&#093;\n            &#091;\/box&#093;\n          &#091;\/col&#093;\n          &#091;col span=\"12\"&#093;\n            &#091;box class=\"p9-card p9-card--notice\"&#093;\n              &#091;ux_text class=\"p9-card__title\"&#093;Th\u00f4ng b\u00e1o nhanh&#091;\/ux_text&#093;\n              &#091;ux_text class=\"p9-card__desc\"&#093;H\u1ec7 th\u1ed1ng \u0111ang t\u1ed1i \u01b0u t\u1ed1c \u0111\u1ed9 r\u00fat ti\u1ec1n. N\u1ebfu ch\u1eadm, th\u1eed l\u1ea1i sau 2\u20133 ph\u00fat.<\/ux_text&#093;\n            &#091;\/box&#093;\n          &#091;\/col&#093;\n        &#091;\/row&#093;\n      &#091;\/ux_banner&#093;\n    &#091;\/col&#093;\n  &#091;\/row&#093;\n&#091;\/section&#093;\n\n&#091;section label=\"P9 Features\" class=\"p9 p9-features\" padding=\"0px 0px\"&#093;\n  &#091;row class=\"p9-wrap\"&#093;\n    &#091;col span__sm=\"12\" span=\"12\"&#093;\n      &#091;title tag_name=\"h2\" class=\"p9-h2\"&#093;V\u00ec sao ng\u01b0\u1eddi ch\u01a1i ch\u1ecdn 9BET DAY?&#091;\/title&#093;\n      &#091;ux_text class=\"p9-p\"&#093;3 \u0111i\u1ec3m m\u1ea1nh n\u1ed5i b\u1eadt gi\u00fap tr\u1ea3i nghi\u1ec7m \u201cm\u01b0\u1ee3t \u2013 s\u00e1ng \u2013 r\u00f5\u201d.<\/ux_text><br \/>\n    \t\t<\/div>\n\t\t\t\t\t<\/div>\n\n\t\n<p>    \n\t<div id=\"col-946848045\" class=\"col medium-4 small-12 large-4\"  >\n\t\t\t\t<div class=\"col-inner\"  >\n\t\t\t\n\t\t\t\n      [box class=&#8221;p9-card p9-card&#8211;feature&#8221;]\n        \t<div id=\"text-2657879681\" class=\"text p9-iconBubble\">\n\t\t\t\t\t<\/div>\n\t\u26a1<\/ux_text&#093;\n        &#091;ux_text class=\"p9-card__title\"&#093;Nhanh &#038; \u1ed5n \u0111\u1ecbnh&#091;\/ux_text&#093;\n        &#091;ux_text class=\"p9-card__desc\"&#093;T\u1ed1i \u01b0u hi\u1ec3n th\u1ecb, thao t\u00e1c \u00edt b\u01b0\u1edbc, ph\u1ea3n h\u1ed3i nhanh.<\/ux_text&#093;\n      &#091;\/box&#093;\n    &#091;\/col&#093;\n    &#091;col span__sm=\"12\" span=\"4\"&#093;\n      &#091;box class=\"p9-card p9-card--feature\"&#093;\n        &#091;ux_text class=\"p9-iconBubble\"&#093;\ud83d\udee1\ufe0f<\/ux_text&#093;\n        &#091;ux_text class=\"p9-card__title\"&#093;B\u1ea3o m\u1eadt \u01b0u ti\u00ean&#091;\/ux_text&#093;\n        &#091;ux_text class=\"p9-card__desc\"&#093;L\u1edbp b\u1ea3o v\u1ec7 nhi\u1ec1u t\u1ea7ng, ki\u1ec3m so\u00e1t thi\u1ebft b\u1ecb \u0111\u0103ng nh\u1eadp.<\/ux_text&#093;\n      &#091;\/box&#093;\n    &#091;\/col&#093;\n    &#091;col span__sm=\"12\" span=\"4\"&#093;\n      &#091;box class=\"p9-card p9-card--feature\"&#093;\n        &#091;ux_text class=\"p9-iconBubble\"&#093;\ud83c\udf81<\/ux_text&#093;\n        &#091;ux_text class=\"p9-card__title\"&#093;\u01afu \u0111\u00e3i m\u1ed7i ng\u00e0y&#091;\/ux_text&#093;\n        &#091;ux_text class=\"p9-card__desc\"&#093;Nhi\u1ec1u block n\u1ed9i dung \u0111\u1ec3 b\u1ea1n t\u1ef1 thay \u0111\u1ed5i theo chi\u1ebfn d\u1ecbch.<\/ux_text&#093;\n      &#091;\/box&#093;\n    &#091;\/col&#093;\n  &#091;\/row&#093;\n&#091;\/section&#093;\n\n&#091;section label=\"P9 Quick Guide\" class=\"p9 p9-guide\" padding=\"0px\"&#093;\n  &#091;row class=\"p9-wrap\"&#093;\n    &#091;col span__sm=\"12\" span=\"12\"&#093;\n      &#091;title tag_name=\"h2\" class=\"p9-h2\"&#093;H\u01b0\u1edbng d\u1eabn nhanh ch\u1ec9 4 b\u01b0\u1edbc&#091;\/title&#093;\n      &#091;ux_text class=\"p9-p\"&#093;Thao t\u00e1c \u0111\u01a1n gi\u1ea3n \u2013 ho\u00e0n t\u1ea5t trong ch\u01b0a t\u1edbi 2 ph\u00fat.<\/ux_text&#093;\n    &#091;\/col&#093;\n\n    &#091;col span__sm=\"12\" span=\"3\"&#093;\n      &#091;box class=\"p9-step\"&#093;\n        &#091;ux_text class=\"p9-step__icon\"&#093;\ud83d\udcdd&#091;\/ux_text&#093;\n        &#091;ux_text class=\"p9-step__title\"&#093;\u0110\u0103ng k\u00fd&#091;\/ux_text&#093;\n        &#091;ux_text class=\"p9-step__desc\"&#093;T\u1ea1o t\u00e0i kho\u1ea3n v\u1edbi s\u1ed1 \u0111i\u1ec7n tho\u1ea1i ho\u1eb7c email.<\/ux_text&#093;\n        &#091;ux_text class=\"p9-step__num\"&#093;01&#091;\/ux_text&#093;\n      &#091;\/box&#093;\n    &#091;\/col&#093;\n\n    &#091;col span__sm=\"12\" span=\"3\"&#093;\n      &#091;box class=\"p9-step\"&#093;\n        &#091;ux_text class=\"p9-step__icon\"&#093;\ud83d\udcb3&#091;\/ux_text&#093;\n        &#091;ux_text class=\"p9-step__title\"&#093;N\u1ea1p ti\u1ec1n&#091;\/ux_text&#093;\n        &#091;ux_text class=\"p9-step__desc\"&#093;H\u1ed7 tr\u1ee3 nhi\u1ec1u ph\u01b0\u01a1ng th\u1ee9c, x\u1eed l\u00fd t\u1ee9c th\u00ec.<\/ux_text&#093;\n        &#091;ux_text class=\"p9-step__num\"&#093;02&#091;\/ux_text&#093;\n      &#091;\/box&#093;\n    &#091;\/col&#093;\n\n    &#091;col span__sm=\"12\" span=\"3\"&#093;\n      &#091;box class=\"p9-step\"&#093;\n        &#091;ux_text class=\"p9-step__icon\"&#093;\ud83c\udfae&#091;\/ux_text&#093;\n        &#091;ux_text class=\"p9-step__title\"&#093;Tr\u1ea3i nghi\u1ec7m&#091;\/ux_text&#093;\n        &#091;ux_text class=\"p9-step__desc\"&#093;Ch\u1ecdn n\u1ed9i dung y\u00eau th\u00edch v\u00e0 b\u1eaft \u0111\u1ea7u ngay.<\/ux_text&#093;\n        &#091;ux_text class=\"p9-step__num\"&#093;03&#091;\/ux_text&#093;\n      &#091;\/box&#093;\n    &#091;\/col&#093;\n\n    &#091;col span__sm=\"12\" span=\"3\"&#093;\n      &#091;box class=\"p9-step\"&#093;\n        &#091;ux_text class=\"p9-step__icon\"&#093;\ud83d\udcb0&#091;\/ux_text&#093;\n        &#091;ux_text class=\"p9-step__title\"&#093;R\u00fat th\u01b0\u1edfng&#091;\/ux_text&#093;\n        &#091;ux_text class=\"p9-step__desc\"&#093;Y\u00eau c\u1ea7u r\u00fat \u2013 ti\u1ec1n v\u1ec1 nhanh trong v\u00e0i ph\u00fat.<\/ux_text&#093;\n        &#091;ux_text class=\"p9-step__num\"&#093;04&#091;\/ux_text&#093;\n      &#091;\/box&#093;\n    &#091;\/col&#093;\n  &#091;\/row&#093;\n&#091;\/section&#093;\n\n&#091;section label=\"P9 Deals\" id=\"p9-deals\" class=\"p9 p9-deals\" padding=\"0px\"&#093;\n  &#091;row class=\"p9-wrap\" v_align=\"middle\"&#093;\n    &#091;col span__sm=\"12\" span=\"12\"&#093;\n      &#091;title tag_name=\"h2\" class=\"p9-h2\"&#093;\u01afu \u0111\u00e3i ng\u1eabu nhi\u00ean h\u00f4m nay&#091;\/title&#093;\n      &#091;ux_text class=\"p9-p\"&#093;B\u1ea1n c\u00f3 th\u1ec3 thay ch\u1eef\/CTA t\u00f9y chi\u1ebfn d\u1ecbch. N\u1ed9i dung d\u01b0\u1edbi \u0111\u00e2y m\u00ecnh t\u1ea1o s\u1eb5n.<\/ux_text><br \/>\n    \t\t<\/div>\n\t\t\t\t\t<\/div>\n\n\t\n<p>    \n\t<div id=\"col-1695379225\" class=\"col medium-4 small-12 large-4\"  >\n\t\t\t\t<div class=\"col-inner\"  >\n\t\t\t\n\t\t\t\n      [box class=&#8221;p9-card p9-card&#8211;dealBig&#8221;]\n        \t<div id=\"text-3091465756\" class=\"text p9-card__title\">\n\t\tCombo T\u00e2n Th\u1ee7\t\t\t<\/div>\n\t\n        \t<div id=\"text-1424786334\" class=\"text p9-card__desc\">\n\t\t\t\t\t<\/div>\n\tQu\u00e0 ch\u00e0o m\u1eebng + nhi\u1ec7m v\u1ee5 nh\u1eadn th\u01b0\u1edfng trong 7 ng\u00e0y.<\/ux_text&#093;\n        &#091;button text=\"K\u00edch ho\u1ea1t\" class=\"p9-btn p9-btn--primary\" link=\"#p9-cta\"&#093;\n      &#091;\/box&#093;\n    &#091;\/col&#093;\n    &#091;col span__sm=\"12\" span=\"4\"&#093;\n      &#091;box class=\"p9-card p9-card--dealBig\"&#093;\n        &#091;ux_text class=\"p9-card__title\"&#093;Gi\u1edd v\u00e0ng ho\u00e0n tr\u1ea3&#091;\/ux_text&#093;\n        &#091;ux_text class=\"p9-card__desc\"&#093;M\u1ed7i t\u1ed1i: ho\u00e0n tr\u1ea3 ng\u1eabu nhi\u00ean theo m\u1ed1c ho\u1ea1t \u0111\u1ed9ng.<\/ux_text&#093;\n        &#091;button text=\"Xem l\u1ecbch\" class=\"p9-btn p9-btn--ghost\" link=\"#\"&#093;\n      &#091;\/box&#093;\n    &#091;\/col&#093;\n    &#091;col span__sm=\"12\" span=\"4\"&#093;\n      &#091;box class=\"p9-card p9-card--dealBig\"&#093;\n        &#091;ux_text class=\"p9-card__title\"&#093;Nhi\u1ec7m v\u1ee5 tu\u1ea7n&#091;\/ux_text&#093;\n        &#091;ux_text class=\"p9-card__desc\"&#093;Ho\u00e0n th\u00e0nh 5 nhi\u1ec7m v\u1ee5 \u2013 m\u1edf kh\u00f3a r\u01b0\u01a1ng qu\u00e0.<\/ux_text&#093;\n        &#091;button text=\"V\u00e0o nhi\u1ec7m v\u1ee5\" class=\"p9-btn p9-btn--ghost\" link=\"#\"&#093;\n      &#091;\/box&#093;\n    &#091;\/col&#093;\n  &#091;\/row&#093;\n&#091;\/section&#093;\n\n&#091;section label=\"P9 Social Proof\" class=\"p9 p9-proof\" padding=\"0px\"&#093;\n  &#091;row class=\"p9-wrap\"&#093;\n    &#091;col span__sm=\"12\" span=\"12\"&#093;\n      &#091;title tag_name=\"h2\" class=\"p9-h2\"&#093;Ng\u01b0\u1eddi d\u00f9ng n\u00f3i g\u00ec?&#091;\/title&#093;\n    &#091;\/col&#093;\n\n    &#091;col span__sm=\"12\" span=\"4\"&#093;\n      &#091;box class=\"p9-card p9-card--quote\"&#093;\n        &#091;ux_text class=\"p9-quote\"&#093;\u201cGiao di\u1ec7n s\u00e1ng, nh\u00ecn l\u00e2u kh\u00f4ng m\u1ecfi m\u1eaft. R\u00fat ti\u1ec1n nhanh.\u201d&#091;\/ux_text&#093;\n        &#091;ux_text class=\"p9-quoteBy\"&#093;\u2014 Minh, HCM<\/ux_text&#093;\n      &#091;\/box&#093;\n    &#091;\/col&#093;\n    &#091;col span__sm=\"12\" span=\"4\"&#093;\n      &#091;box class=\"p9-card p9-card--quote\"&#093;\n        &#091;ux_text class=\"p9-quote\"&#093;\u201c\u01afu \u0111\u00e3i c\u1eadp nh\u1eadt li\u00ean t\u1ee5c, thao t\u00e1c g\u1ecdn.\u201d&#091;\/ux_text&#093;\n        &#091;ux_text class=\"p9-quoteBy\"&#093;\u2014 An, \u0110N<\/ux_text&#093;\n      &#091;\/box&#093;\n    &#091;\/col&#093;\n    &#091;col span__sm=\"12\" span=\"4\"&#093;\n      &#091;box class=\"p9-card p9-card--quote\"&#093;\n        &#091;ux_text class=\"p9-quote\"&#093;\u201cH\u1ed7 tr\u1ee3 ph\u1ea3n h\u1ed3i nhanh, d\u1ec5 d\u00f9ng tr\u00ean \u0111i\u1ec7n tho\u1ea1i.\u201d&#091;\/ux_text&#093;\n        &#091;ux_text class=\"p9-quoteBy\"&#093;\u2014 Khoa, HN<\/ux_text&#093;\n      &#091;\/box&#093;\n    &#091;\/col&#093;\n  &#091;\/row&#093;\n&#091;\/section&#093;\n\n&#091;section label=\"P9 CTA\" id=\"p9-cta\" class=\"p9 p9-cta\" padding=\"0px\"&#093;\n  &#091;row class=\"p9-wrap\" v_align=\"middle\"&#093;\n    &#091;col span__sm=\"12\" span=\"7\"&#093;\n      &#091;title tag_name=\"h2\" class=\"p9-h2\"&#093;S\u1eb5n s\u00e0ng b\u1eaft \u0111\u1ea7u?&#091;\/title&#093;\n      &#091;ux_text class=\"p9-p\"&#093;Nh\u1ea5n \u201cTham gia\u201d \u0111\u1ec3 m\u1edf t\u00e0i kho\u1ea3n v\u00e0 nh\u1eadn qu\u00e0 t\u00e2n th\u1ee7. Ho\u1eb7c b\u1ea5m \u201cT\u01b0 v\u1ea5n\u201d \u0111\u1ec3 \u0111\u01b0\u1ee3c h\u1ed7 tr\u1ee3 ngay.<\/ux_text><br \/>\n    \t\t<\/div>\n\t\t\t\t\t<\/div>\n\n\t\n    \n\t<div id=\"col-471829763\" class=\"col p9-cta__buttons medium-5 small-12 large-5\"  >\n\t\t\t\t<div class=\"col-inner\"  >\n\t\t\t\n\t\t\t\n      <a href=\"#\" class=\"button primary is-large p9-btn p9-btn--primary\"  >\n\t\t<span>Tham gia ngay<\/span>\n\t<\/a>\n\n      <a href=\"#\" class=\"button primary is-large p9-btn p9-btn--ghost\"  >\n\t\t<span>T\u01b0 v\u1ea5n 24\/7<\/span>\n\t<\/a>\n\n    \t\t<\/div>\n\t\t\t\t\t<\/div>\n\n\t\n  [\/row]\n\t\t<\/div>\n\n\t\t\n<style>\n#section_1109312483 {\n  padding-top: 0px;\n  padding-bottom: 0px;\n}\n<\/style>\n\t<\/section>\n\t\n\n\t<section class=\"section p9 p9-footer\" id=\"section_36606207\">\n\t\t<div class=\"section-bg fill\" >\n\t\t\t\t\t\t\t\t\t\n\t\t\t\n\n\t\t<\/div>\n\n\t\t\n\n\t\t<div class=\"section-content relative\">\n\t\t\t\t\t<\/div>\n\n\t\t\n<style>\n#section_36606207 {\n  padding-top: 0px;\n  padding-bottom: 0px;\n}\n<\/style>\n\t<\/section>\n\t\n  <div class=\"row p9-wrap\"  id=\"row-2028630809\"><\/div>\n    \n\t<div id=\"col-851536017\" class=\"col medium-4 small-12 large-4\"  >\n\t\t\t\t<div class=\"col-inner\"  >\n\t\t\t\n\t\t\t\n      \t<div id=\"text-3201020543\" class=\"text p9-footTitle\">\n\t\t9BET DAY\t\t\t<\/div>\n\t\n      \t<div id=\"text-3387267804\" class=\"text p9-footText\">\n\t\tLight UI \u2022 Cyan\/V\u00e0ng theo logo \u2022 Layout chu\u1ea9n mobile.<\/ux_text&#093;\n    &#091;\/col&#093;\n    &#091;col span__sm=\"12\" span=\"4\"&#093;\n      &#091;ux_text class=\"p9-footTitle\"&#093;Danh m\u1ee5c&#091;\/ux_text&#093;\n      &#091;ux_text class=\"p9-footLinks\"&#093;\n        <a href=\"#p9-deals\">\u01afu \u0111\u00e3i<\/a><br \/>\n        <a href=\"#\">H\u01b0\u1edbng d\u1eabn<\/a><br \/>\n        <a href=\"#\">\u0110i\u1ec1u kho\u1ea3n<\/a><br \/>\n      \t\t\t<\/div>\n\t\n    \t\t<\/div>\n\t\t\t\t\t<\/div>\n\n\t\n    \n\t<div id=\"col-84726612\" class=\"col medium-4 small-12 large-4\"  >\n\t\t\t\t<div class=\"col-inner\"  >\n\t\t\t\n\t\t\t\t\t<\/div>\n\t\t\t\t\t<\/div>\n\n\t\n      \t<div id=\"text-511288788\" class=\"text p9-footTitle\">\n\t\tH\u1ed7 tr\u1ee3\t\t\t<\/div>\n\t\n      \t<div id=\"text-222928175\" class=\"text p9-footText\">\n\t\t\t\t\t<\/div>\n\tLivechat \u2022 Zalo \u2022 Telegram<\/ux_text]\n    [\/col]\n  [\/row]\n[\/section]\n","protected":false},"excerpt":{"rendered":"<p>Livechat \u2022 Zalo \u2022 Telegram<\/p>\n","protected":false},"author":1,"featured_media":0,"parent":0,"menu_order":0,"comment_status":"closed","ping_status":"open","template":"","meta":{"footnotes":""},"class_list":["post-2","page","type-page","status-publish","hentry"],"_links":{"self":[{"href":"https:\/\/www.keento.io\/index.php?rest_route=\/wp\/v2\/pages\/2","targetHints":{"allow":["GET"]}}],"collection":[{"href":"https:\/\/www.keento.io\/index.php?rest_route=\/wp\/v2\/pages"}],"about":[{"href":"https:\/\/www.keento.io\/index.php?rest_route=\/wp\/v2\/types\/page"}],"author":[{"embeddable":true,"href":"https:\/\/www.keento.io\/index.php?rest_route=\/wp\/v2\/users\/1"}],"replies":[{"embeddable":true,"href":"https:\/\/www.keento.io\/index.php?rest_route=%2Fwp%2Fv2%2Fcomments&post=2"}],"version-history":[{"count":2,"href":"https:\/\/www.keento.io\/index.php?rest_route=\/wp\/v2\/pages\/2\/revisions"}],"predecessor-version":[{"id":10,"href":"https:\/\/www.keento.io\/index.php?rest_route=\/wp\/v2\/pages\/2\/revisions\/10"}],"wp:attachment":[{"href":"https:\/\/www.keento.io\/index.php?rest_route=%2Fwp%2Fv2%2Fmedia&parent=2"}],"curies":[{"name":"wp","href":"https:\/\/api.w.org\/{rel}","templated":true}]}}